{"id":17,"date":"2024-02-05T16:32:33","date_gmt":"2024-02-05T16:32:33","guid":{"rendered":"https:\/\/tangedik.bilkent.edu.tr\/?page_id=17"},"modified":"2026-04-12T07:40:26","modified_gmt":"2026-04-12T07:40:26","slug":"selected-papers-presentations","status":"publish","type":"page","link":"https:\/\/tangedik.bilkent.edu.tr\/?page_id=17","title":{"rendered":"Selected Papers"},"content":{"rendered":"\n<p>Gedik, Tan Arda. 2026. <em>Literacy at Work: Ultimate Native Language Attainment<\/em>. DeGruyter.<\/p>\n\n\n\n<div data-wp-interactive=\"core\/file\" class=\"wp-block-file\"><object data-wp-bind--hidden=\"!state.hasPdfPreview\"  class=\"wp-block-file__embed\" data=\"https:\/\/tangedik.bilkent.edu.tr\/wp-content\/uploads\/2026\/04\/10.1515_9783111679228-fm.pdf\" type=\"application\/pdf\" style=\"width:100%;height:600px\" aria-label=\"Embed of 10.1515_9783111679228-fm.\"><\/object><a id=\"wp-block-file--media-73be2dbb-3d73-48f6-9ad4-27d25b33d5b1\" href=\"https:\/\/tangedik.bilkent.edu.tr\/wp-content\/uploads\/2026\/04\/10.1515_9783111679228-fm.pdf\">10.1515_9783111679228-fm<\/a><a href=\"https:\/\/tangedik.bilkent.edu.tr\/wp-content\/uploads\/2026\/04\/10.1515_9783111679228-fm.pdf\" class=\"wp-block-file__button wp-element-button\" download aria-describedby=\"wp-block-file--media-73be2dbb-3d73-48f6-9ad4-27d25b33d5b1\">Download<\/a><\/div>\n\n\n\n<p>Kligge, A. Hendrik &amp; Gedik, Tan Arda. Entrenchment. In <em>Reference Module in Social Sciences<\/em> (p. B9780323955041013788). (2026). Elsevier.<\/p>\n\n\n\n<div data-wp-interactive=\"core\/file\" class=\"wp-block-file\"><object data-wp-bind--hidden=\"!state.hasPdfPreview\"  class=\"wp-block-file__embed\" data=\"https:\/\/tangedik.bilkent.edu.tr\/wp-content\/uploads\/2026\/02\/01378_9780323955041.pdf\" type=\"application\/pdf\" style=\"width:100%;height:600px\" aria-label=\"Embed of 01378_9780323955041.\"><\/object><a id=\"wp-block-file--media-1583e213-ac06-430c-ad79-a52d0c9494b7\" href=\"https:\/\/tangedik.bilkent.edu.tr\/wp-content\/uploads\/2026\/02\/01378_9780323955041.pdf\">01378_9780323955041<\/a><a href=\"https:\/\/tangedik.bilkent.edu.tr\/wp-content\/uploads\/2026\/02\/01378_9780323955041.pdf\" class=\"wp-block-file__button wp-element-button\" download aria-describedby=\"wp-block-file--media-1583e213-ac06-430c-ad79-a52d0c9494b7\">Download<\/a><\/div>\n\n\n\n<p>Gedik, Tan Arda. Literacy enhances lexical variation, not quantity, in adult oral production.&nbsp;<em>Journal of Cultural Cognitive Science<\/em>&nbsp;(2025). https:\/\/doi.org\/10.1007\/s41809-025-00189-3<\/p>\n\n\n\n<div data-wp-interactive=\"core\/file\" class=\"wp-block-file\"><object data-wp-bind--hidden=\"!state.hasPdfPreview\"  class=\"wp-block-file__embed\" data=\"https:\/\/tangedik.bilkent.edu.tr\/wp-content\/uploads\/2025\/11\/s41809-025-00189-3.pdf\" type=\"application\/pdf\" style=\"width:100%;height:600px\" aria-label=\"Embed of s41809-025-00189-3.\"><\/object><a id=\"wp-block-file--media-94be2143-a285-44d9-9ac6-0482117e62ee\" href=\"https:\/\/tangedik.bilkent.edu.tr\/wp-content\/uploads\/2025\/11\/s41809-025-00189-3.pdf\">s41809-025-00189-3<\/a><a href=\"https:\/\/tangedik.bilkent.edu.tr\/wp-content\/uploads\/2025\/11\/s41809-025-00189-3.pdf\" class=\"wp-block-file__button wp-element-button\" download aria-describedby=\"wp-block-file--media-94be2143-a285-44d9-9ac6-0482117e62ee\">Download<\/a><\/div>\n\n\n\n<p>Gedik, Tan Arda &amp; De la Garza, Vania. Literacy boosts semantic fluency even in ecologically valid categories.&nbsp;<em>Acta Psychologica<\/em>.&nbsp;<em>260<\/em> (2025). 105735.<\/p>\n\n\n\n<div data-wp-interactive=\"core\/file\" class=\"wp-block-file\"><object data-wp-bind--hidden=\"!state.hasPdfPreview\"  class=\"wp-block-file__embed\" data=\"https:\/\/tangedik.bilkent.edu.tr\/wp-content\/uploads\/2025\/10\/1-s2.0-S0001691825010480-main.pdf\" type=\"application\/pdf\" style=\"width:100%;height:600px\" aria-label=\"Embed of 1-s2.0-S0001691825010480-main.\"><\/object><a id=\"wp-block-file--media-1bb699be-3661-4713-acbb-3d66e4a98a5b\" href=\"https:\/\/tangedik.bilkent.edu.tr\/wp-content\/uploads\/2025\/10\/1-s2.0-S0001691825010480-main.pdf\">1-s2.0-S0001691825010480-main<\/a><a href=\"https:\/\/tangedik.bilkent.edu.tr\/wp-content\/uploads\/2025\/10\/1-s2.0-S0001691825010480-main.pdf\" class=\"wp-block-file__button wp-element-button\" download aria-describedby=\"wp-block-file--media-1bb699be-3661-4713-acbb-3d66e4a98a5b\">Download<\/a><\/div>\n\n\n\n<p>Gedik, Tan Arda. 2025. How literacy acquisition changes L1 grammatical knowledge. <em>Yearbook of the German Cognitive Linguistics Association. 13<\/em>(1).<\/p>\n\n\n\n<div data-wp-interactive=\"core\/file\" class=\"wp-block-file\"><object data-wp-bind--hidden=\"!state.hasPdfPreview\"  class=\"wp-block-file__embed\" data=\"https:\/\/tangedik.bilkent.edu.tr\/wp-content\/uploads\/2025\/06\/04_Tan-Arda-Gedik_21972788_YB_GCLA_13_rev.proof_.2.pdf\" type=\"application\/pdf\" style=\"width:100%;height:600px\" aria-label=\"Embed of 04_Tan-Arda-Gedik_21972788_YB_GCLA_13_rev.proof_.2.\"><\/object><a id=\"wp-block-file--media-bf5662b4-6f52-4d99-bb0e-3ee95a0c0c11\" href=\"https:\/\/tangedik.bilkent.edu.tr\/wp-content\/uploads\/2025\/06\/04_Tan-Arda-Gedik_21972788_YB_GCLA_13_rev.proof_.2.pdf\">04_Tan-Arda-Gedik_21972788_YB_GCLA_13_rev.proof_.2<\/a><a href=\"https:\/\/tangedik.bilkent.edu.tr\/wp-content\/uploads\/2025\/06\/04_Tan-Arda-Gedik_21972788_YB_GCLA_13_rev.proof_.2.pdf\" class=\"wp-block-file__button wp-element-button\" download aria-describedby=\"wp-block-file--media-bf5662b4-6f52-4d99-bb0e-3ee95a0c0c11\">Download<\/a><\/div>\n\n\n\n<p>Gedik, Tan Arda. 2025. The Entangled Nature of First Language Learning, Education, and Literacy. <em>Cadernos de Lingu\u00edstica<\/em> 6(2). e785.<\/p>\n\n\n\n<div data-wp-interactive=\"core\/file\" class=\"wp-block-file\"><object data-wp-bind--hidden=\"!state.hasPdfPreview\"  class=\"wp-block-file__embed\" data=\"https:\/\/tangedik.bilkent.edu.tr\/wp-content\/uploads\/2025\/06\/785-3-1-1.pdf\" type=\"application\/pdf\" style=\"width:100%;height:600px\" aria-label=\"Embed of 785-3-1-1.\"><\/object><a id=\"wp-block-file--media-01723ae7-2da3-404c-a29f-5aac94c83ee1\" href=\"https:\/\/tangedik.bilkent.edu.tr\/wp-content\/uploads\/2025\/06\/785-3-1-1.pdf\">785-3-1-1<\/a><a href=\"https:\/\/tangedik.bilkent.edu.tr\/wp-content\/uploads\/2025\/06\/785-3-1-1.pdf\" class=\"wp-block-file__button wp-element-button\" download aria-describedby=\"wp-block-file--media-01723ae7-2da3-404c-a29f-5aac94c83ee1\">Download<\/a><\/div>\n\n\n\n<p>Gedik, Tan Arda. 2024. Development of the Turkish Author Recognition Task (TART) and the Turkish Vocabulary Size Test (TR-VoST). <em>Springer Nature Social Sciences<\/em>. <em>4<\/em>(8). 1-24.<\/p>\n\n\n\n<div data-wp-interactive=\"core\/file\" class=\"wp-block-file\"><object data-wp-bind--hidden=\"!state.hasPdfPreview\"  class=\"wp-block-file__embed\" data=\"https:\/\/tangedik.bilkent.edu.tr\/wp-content\/uploads\/2025\/06\/s43545-024-00930-9.pdf\" type=\"application\/pdf\" style=\"width:100%;height:600px\" aria-label=\"Embed of s43545-024-00930-9.\"><\/object><a id=\"wp-block-file--media-ad024b5c-3802-473a-a000-f61f504c6cb5\" href=\"https:\/\/tangedik.bilkent.edu.tr\/wp-content\/uploads\/2025\/06\/s43545-024-00930-9.pdf\">s43545-024-00930-9<\/a><a href=\"https:\/\/tangedik.bilkent.edu.tr\/wp-content\/uploads\/2025\/06\/s43545-024-00930-9.pdf\" class=\"wp-block-file__button wp-element-button\" download aria-describedby=\"wp-block-file--media-ad024b5c-3802-473a-a000-f61f504c6cb5\">Download<\/a><\/div>\n\n\n\n<p>Gedik, Tan Arda. 2024. Print Exposure Leads to Individual Differences in the Turkish Aorist. <em>Language Sciences<\/em>.<\/p>\n\n\n\n<div data-wp-interactive=\"core\/file\" class=\"wp-block-file\"><object data-wp-bind--hidden=\"!state.hasPdfPreview\"  class=\"wp-block-file__embed\" data=\"https:\/\/tangedik.bilkent.edu.tr\/wp-content\/uploads\/2024\/03\/1-s2.0-S0388000124000214-main.pdf\" type=\"application\/pdf\" style=\"width:100%;height:600px\" aria-label=\"Embed of 1-s2.0-S0388000124000214-main.\"><\/object><a id=\"wp-block-file--media-027fb12d-3914-4802-8120-760285844647\" href=\"https:\/\/tangedik.bilkent.edu.tr\/wp-content\/uploads\/2024\/03\/1-s2.0-S0388000124000214-main.pdf\">1-s2.0-S0388000124000214-main<\/a><a href=\"https:\/\/tangedik.bilkent.edu.tr\/wp-content\/uploads\/2024\/03\/1-s2.0-S0388000124000214-main.pdf\" class=\"wp-block-file__button wp-element-button\" download aria-describedby=\"wp-block-file--media-027fb12d-3914-4802-8120-760285844647\">Download<\/a><\/div>\n\n\n\n<p>Gedik, Tan Arda. 2024. Constructional Emergence in A1-C1: A Bird\u2019s Eye Perspective and Alignment. <em>ATLANTIS. 46<\/em>(1).&nbsp;<\/p>\n\n\n\n<div data-wp-interactive=\"core\/file\" class=\"wp-block-file\"><object data-wp-bind--hidden=\"!state.hasPdfPreview\"  class=\"wp-block-file__embed\" data=\"https:\/\/tangedik.bilkent.edu.tr\/wp-content\/uploads\/2024\/08\/1013-Article-Text-7366-1-10-20240628.pdf\" type=\"application\/pdf\" style=\"width:100%;height:600px\" aria-label=\"Embed of 1013-Article-Text-7366-1-10-20240628.\"><\/object><a id=\"wp-block-file--media-9feb93ad-d2a9-4bdd-9c4e-1bd97068012f\" href=\"https:\/\/tangedik.bilkent.edu.tr\/wp-content\/uploads\/2024\/08\/1013-Article-Text-7366-1-10-20240628.pdf\">1013-Article-Text-7366-1-10-20240628<\/a><a href=\"https:\/\/tangedik.bilkent.edu.tr\/wp-content\/uploads\/2024\/08\/1013-Article-Text-7366-1-10-20240628.pdf\" class=\"wp-block-file__button wp-element-button\" download aria-describedby=\"wp-block-file--media-9feb93ad-d2a9-4bdd-9c4e-1bd97068012f\">Download<\/a><\/div>\n\n\n\n<p>Gedik, Tan Arda. 2024. Unteaching Native Speaker Fallacy: A Practical Application and Discussion. In Ceren Kocaman &amp; Ali Fuad Selvi (eds.), <em>International Perspectives on Critical English Language Teacher Education<\/em>. Bloomsbury.<\/p>\n\n\n\n<div data-wp-interactive=\"core\/file\" class=\"wp-block-file\"><object data-wp-bind--hidden=\"!state.hasPdfPreview\"  class=\"wp-block-file__embed\" data=\"https:\/\/tangedik.bilkent.edu.tr\/wp-content\/uploads\/2024\/02\/Gedik-2024-Selvi-Kocaman.pdf\" type=\"application\/pdf\" style=\"width:100%;height:600px\" aria-label=\"Embed of Gedik-2024-Selvi-Kocaman.\"><\/object><a id=\"wp-block-file--media-51dcce63-fa20-4f53-9288-2ef7fbe0c28f\" href=\"https:\/\/tangedik.bilkent.edu.tr\/wp-content\/uploads\/2024\/02\/Gedik-2024-Selvi-Kocaman.pdf\">Gedik-2024-Selvi-Kocaman<\/a><a href=\"https:\/\/tangedik.bilkent.edu.tr\/wp-content\/uploads\/2024\/02\/Gedik-2024-Selvi-Kocaman.pdf\" class=\"wp-block-file__button wp-element-button\" download aria-describedby=\"wp-block-file--media-51dcce63-fa20-4f53-9288-2ef7fbe0c28f\">Download<\/a><\/div>\n\n\n\n<p>Gedik, Tan Arda. 2024. Illiteracy and Cognitive Sciences: A Psycholinguistic Perspective. <em>Cognitive Psychology Bulletin<\/em>. <em>(9). <\/em><a href=\"https:\/\/doi.org\/10.53841\/bpscog.2024.1.9.37\">&nbsp;https:\/\/doi.org\/10.53841\/bpscog.2024.1.9.37 &nbsp; &nbsp; <em>&nbsp;&nbsp;<\/em><\/a><\/p>\n\n\n\n<div class=\"wp-block-file\"><a href=\"blob:https:\/\/tangedik.bilkent.edu.tr\/b44e0406-f380-4787-83a5-a17fe18248de\" class=\"wp-block-file__button wp-element-button\" download>Download<\/a><\/div>\n\n\n\n<div data-wp-interactive=\"core\/file\" class=\"wp-block-file\"><object data-wp-bind--hidden=\"!state.hasPdfPreview\"  class=\"wp-block-file__embed\" data=\"https:\/\/tangedik.bilkent.edu.tr\/wp-content\/uploads\/2024\/02\/Gedik-2024.pdf\" type=\"application\/pdf\" style=\"width:100%;height:600px\" aria-label=\"Embed of Gedik-2024.\"><\/object><a id=\"wp-block-file--media-53329afa-d16f-44c9-be1e-9ff78413d807\" href=\"https:\/\/tangedik.bilkent.edu.tr\/wp-content\/uploads\/2024\/02\/Gedik-2024.pdf\">Gedik-2024<\/a><a href=\"https:\/\/tangedik.bilkent.edu.tr\/wp-content\/uploads\/2024\/02\/Gedik-2024.pdf\" class=\"wp-block-file__button wp-element-button\" download aria-describedby=\"wp-block-file--media-53329afa-d16f-44c9-be1e-9ff78413d807\">Download<\/a><\/div>\n\n\n\n<p>D\u0105browska, Ewa &amp; Tan Arda Gedik. 2023. Lexical knowledge, memory and experience. <em>Yearbook of the German Cognitive Linguistics Association. 11<\/em>(1).<br><\/p>\n\n\n\n<div data-wp-interactive=\"core\/file\" class=\"wp-block-file\"><object data-wp-bind--hidden=\"!state.hasPdfPreview\"  class=\"wp-block-file__embed\" data=\"https:\/\/tangedik.bilkent.edu.tr\/wp-content\/uploads\/2024\/02\/Dabrowska-Gedik-2023-1.pdf\" type=\"application\/pdf\" style=\"width:100%;height:600px\" aria-label=\"Embed of Dabrowska-Gedik-2023-1.\"><\/object><a id=\"wp-block-file--media-19904fbe-1ad9-465a-9ad7-759e9e497bf0\" href=\"https:\/\/tangedik.bilkent.edu.tr\/wp-content\/uploads\/2024\/02\/Dabrowska-Gedik-2023-1.pdf\">Dabrowska-Gedik-2023-1<\/a><a href=\"https:\/\/tangedik.bilkent.edu.tr\/wp-content\/uploads\/2024\/02\/Dabrowska-Gedik-2023-1.pdf\" class=\"wp-block-file__button wp-element-button\" download aria-describedby=\"wp-block-file--media-19904fbe-1ad9-465a-9ad7-759e9e497bf0\">Download<\/a><\/div>\n\n\n\n<p>Gedik, Tan Arda &amp; Uslu, Fat\u0131ma. 2023. L1-L2 Transfer in the Ditransitive Construction: A Usage-based replication Study with Turkish Speakers of English. In Georgios Georgiou, Aretousa Giannakou &amp; Christine Savvidou (eds.), <em>Advances in Second\/Foreign Language Acquisition<\/em>. Palgrave Macmillan. <a href=\"https:\/\/doi.org\/10.1007\/978-3-031-38522-3_6\">https:\/\/doi.org\/10.1007\/978-3-031-38522-3_6<\/a> <\/p>\n\n\n\n<div data-wp-interactive=\"core\/file\" class=\"wp-block-file\"><object data-wp-bind--hidden=\"!state.hasPdfPreview\"  class=\"wp-block-file__embed\" data=\"https:\/\/tangedik.bilkent.edu.tr\/wp-content\/uploads\/2024\/02\/UNCORRECTED-PROOFS-Gedik-Uslu-2023.pdf\" type=\"application\/pdf\" style=\"width:100%;height:600px\" aria-label=\"Embed of UNCORRECTED-PROOFS-Gedik-Uslu-2023.\"><\/object><a id=\"wp-block-file--media-3ae7df42-ce10-4595-999d-5d221e8ff290\" href=\"https:\/\/tangedik.bilkent.edu.tr\/wp-content\/uploads\/2024\/02\/UNCORRECTED-PROOFS-Gedik-Uslu-2023.pdf\">UNCORRECTED-PROOFS-Gedik-Uslu-2023<\/a><a href=\"https:\/\/tangedik.bilkent.edu.tr\/wp-content\/uploads\/2024\/02\/UNCORRECTED-PROOFS-Gedik-Uslu-2023.pdf\" class=\"wp-block-file__button wp-element-button\" download aria-describedby=\"wp-block-file--media-3ae7df42-ce10-4595-999d-5d221e8ff290\">Download<\/a><\/div>\n\n\n\n<div class=\"wp-block-file\"><a href=\"blob:https:\/\/tangedik.bilkent.edu.tr\/7a918aa7-e9a9-4c6a-a1ac-b36170580474\" class=\"wp-block-file__button wp-element-button\" download>Download<\/a><\/div>\n\n\n\n<p>Gedik, Tan Arda. 2023. Collostructional Transfer Effects in Turkish Learners of English: The Intransitive-Unaccusative Construction. <em>Pedagogical Linguistics<\/em>. John &amp; Benjamins. <a href=\"http:\/\/doi.org\/10.1075\/pl.22019.ged\">http:\/\/doi.org\/10.1075\/pl.22019.ged<\/a>&nbsp;<\/p>\n\n\n\n<div data-wp-interactive=\"core\/file\" class=\"wp-block-file\"><object data-wp-bind--hidden=\"!state.hasPdfPreview\"  class=\"wp-block-file__embed\" data=\"https:\/\/tangedik.bilkent.edu.tr\/wp-content\/uploads\/2024\/02\/Gedik-2023-1.pdf\" type=\"application\/pdf\" style=\"width:100%;height:600px\" aria-label=\"Embed of Gedik-2023-1.\"><\/object><a id=\"wp-block-file--media-c7251505-afea-4f9e-94b4-58b01ad34474\" href=\"https:\/\/tangedik.bilkent.edu.tr\/wp-content\/uploads\/2024\/02\/Gedik-2023-1.pdf\">Gedik-2023-1<\/a><a href=\"https:\/\/tangedik.bilkent.edu.tr\/wp-content\/uploads\/2024\/02\/Gedik-2023-1.pdf\" class=\"wp-block-file__button wp-element-button\" download aria-describedby=\"wp-block-file--media-c7251505-afea-4f9e-94b4-58b01ad34474\">Download<\/a><\/div>\n\n\n\n<p>Gedik, Tan Arda. 2022. A Usage-Based Constructionist Approach to Evidentiality: The Turkish Unevidentiality Construction. <em>Cankaya University Journal of Humanities and Social Sciences<\/em> 16(1). 61\u201382. <a href=\"https:\/\/doi.org\/10.47777\/cankujhss.1001326\">https:\/\/doi.org\/10.47777\/cankujhss.1001326<\/a>.<\/p>\n\n\n\n<div data-wp-interactive=\"core\/file\" class=\"wp-block-file\"><object data-wp-bind--hidden=\"!state.hasPdfPreview\"  class=\"wp-block-file__embed\" data=\"https:\/\/tangedik.bilkent.edu.tr\/wp-content\/uploads\/2024\/02\/gedik-2022-evidentiality.pdf\" type=\"application\/pdf\" style=\"width:100%;height:600px\" aria-label=\"Embed of gedik-2022-evidentiality.\"><\/object><a id=\"wp-block-file--media-7a295272-c355-4dc0-b546-92207068192b\" href=\"https:\/\/tangedik.bilkent.edu.tr\/wp-content\/uploads\/2024\/02\/gedik-2022-evidentiality.pdf\">gedik-2022-evidentiality<\/a><a href=\"https:\/\/tangedik.bilkent.edu.tr\/wp-content\/uploads\/2024\/02\/gedik-2022-evidentiality.pdf\" class=\"wp-block-file__button wp-element-button\" download aria-describedby=\"wp-block-file--media-7a295272-c355-4dc0-b546-92207068192b\">Download<\/a><\/div>\n\n\n\n<p>Gedik, Tan Arda &amp; Zeynep Arpa\u00f6z\u00fc. 2022. Entangled Humans, Entangled Languages: A Citizen Sociolinguistic Analysis of COVID-19 on Reddit. In Ba\u015fak A\u011f\u0131n &amp; \u015eafak Horzum (eds.), <em>Posthuman Pathogenesis<\/em>, 167\u2013186. Routledge. <a href=\"https:\/\/doi.org\/10.4324\/9781003288244\">https:\/\/doi.org\/10.4324\/9781003288244&nbsp;<\/a><\/p>\n\n\n\n<p>Gedik, Tan Arda. &amp; Ya\u011fmur Su Kolsal. 2022. A Corpus Based Approach to English University Entrance Exams and English High School Textbooks in Turkey. <em>TAPSLA <\/em>8(1). 157\u2013176.&nbsp;<\/p>\n\n\n\n<div data-wp-interactive=\"core\/file\" class=\"wp-block-file\"><object data-wp-bind--hidden=\"!state.hasPdfPreview\"  class=\"wp-block-file__embed\" data=\"https:\/\/tangedik.bilkent.edu.tr\/wp-content\/uploads\/2024\/02\/gedik-kolsal-2022.pdf\" type=\"application\/pdf\" style=\"width:100%;height:600px\" aria-label=\"Embed of gedik-kolsal-2022.\"><\/object><a id=\"wp-block-file--media-679fad43-beab-4db1-9102-d336570027a3\" href=\"https:\/\/tangedik.bilkent.edu.tr\/wp-content\/uploads\/2024\/02\/gedik-kolsal-2022.pdf\">gedik-kolsal-2022<\/a><a href=\"https:\/\/tangedik.bilkent.edu.tr\/wp-content\/uploads\/2024\/02\/gedik-kolsal-2022.pdf\" class=\"wp-block-file__button wp-element-button\" download aria-describedby=\"wp-block-file--media-679fad43-beab-4db1-9102-d336570027a3\">Download<\/a><\/div>\n\n\n\n<p>Gedik, Tan Arda. 2021. An Analysis of Lexicogrammatical Development in English Textbooks in Turkey: A Usage-Based Construction Grammar Approach. <em>Explorations in English Language and Linguistics<\/em> 9(1). 26\u201355. <a href=\"https:\/\/doi.org\/10.2478\/exell-2022-0002\">https:\/\/doi.org\/10.2478\/exell-2022-0002<\/a>.<\/p>\n\n\n\n<div data-wp-interactive=\"core\/file\" class=\"wp-block-file\"><object data-wp-bind--hidden=\"!state.hasPdfPreview\"  class=\"wp-block-file__embed\" data=\"https:\/\/tangedik.bilkent.edu.tr\/wp-content\/uploads\/2024\/02\/gedik-2022.pdf\" type=\"application\/pdf\" style=\"width:100%;height:600px\" aria-label=\"Embed of gedik-2022.\"><\/object><a id=\"wp-block-file--media-19b556e7-9767-48e4-bc22-0d5bef8529ce\" href=\"https:\/\/tangedik.bilkent.edu.tr\/wp-content\/uploads\/2024\/02\/gedik-2022.pdf\">gedik-2022<\/a><a href=\"https:\/\/tangedik.bilkent.edu.tr\/wp-content\/uploads\/2024\/02\/gedik-2022.pdf\" class=\"wp-block-file__button wp-element-button\" download aria-describedby=\"wp-block-file--media-19b556e7-9767-48e4-bc22-0d5bef8529ce\">Download<\/a><\/div>\n","protected":false},"excerpt":{"rendered":"<p>Gedik, Tan Arda. 2026. Literacy at Work: Ultimate Native Language Attainment. DeGruyter. Kligge, A. Hendrik &amp; Gedik, Tan Arda. Entrenchment. In Reference Module in Social Sciences (p. B9780323955041013788). (2026). Elsevier. Gedik, Tan Arda. Literacy enhances lexical variation, not quantity, in adult oral production.&nbsp;Journal of Cultural Cognitive Science&nbsp;(2025). https:\/\/doi.org\/10.1007\/s41809-025-00189-3 Gedik, Tan Arda &amp; De la Garza, [&hellip;]<\/p>\n","protected":false},"author":1,"featured_media":0,"parent":0,"menu_order":0,"comment_status":"closed","ping_status":"closed","template":"","meta":{"footnotes":""},"_links":{"self":[{"href":"https:\/\/tangedik.bilkent.edu.tr\/index.php?rest_route=\/wp\/v2\/pages\/17"}],"collection":[{"href":"https:\/\/tangedik.bilkent.edu.tr\/index.php?rest_route=\/wp\/v2\/pages"}],"about":[{"href":"https:\/\/tangedik.bilkent.edu.tr\/index.php?rest_route=\/wp\/v2\/types\/page"}],"author":[{"embeddable":true,"href":"https:\/\/tangedik.bilkent.edu.tr\/index.php?rest_route=\/wp\/v2\/users\/1"}],"replies":[{"embeddable":true,"href":"https:\/\/tangedik.bilkent.edu.tr\/index.php?rest_route=%2Fwp%2Fv2%2Fcomments&post=17"}],"version-history":[{"count":16,"href":"https:\/\/tangedik.bilkent.edu.tr\/index.php?rest_route=\/wp\/v2\/pages\/17\/revisions"}],"predecessor-version":[{"id":137,"href":"https:\/\/tangedik.bilkent.edu.tr\/index.php?rest_route=\/wp\/v2\/pages\/17\/revisions\/137"}],"wp:attachment":[{"href":"https:\/\/tangedik.bilkent.edu.tr\/index.php?rest_route=%2Fwp%2Fv2%2Fmedia&parent=17"}],"curies":[{"name":"wp","href":"https:\/\/api.w.org\/{rel}","templated":true}]}}